{"id":571,"date":"2013-08-25T14:03:21","date_gmt":"2013-08-25T12:03:21","guid":{"rendered":"http:\/\/www.krefeld-fotografie.de\/?page_id=571"},"modified":"2018-05-25T06:53:21","modified_gmt":"2018-05-25T04:53:21","slug":"impressum","status":"publish","type":"page","link":"https:\/\/www.krefeld-fotografie.de\/?page_id=571","title":{"rendered":"Impressum"},"content":{"rendered":"<p><strong>Anbieterinformationen \/ Betreiber i.S.d. TDG \/ MDStV<\/strong><br \/>\n<strong>Rechtliche Angaben:<\/strong><\/p>\n<p>COPY WOLF Inh. Jolanta Kossmann<br \/>\nCOMPUTERSERVICE Krefeld<\/p>\n<p>Oberstr. 34<br \/>\n47829 Krefeld<\/p>\n<p>Telefon +49 (0) 21 51 \u2013 48 37 37<br \/>\nFax +49 (0) 21 51 \u2013 48 37 38<br \/>\nMobil: +49 (0) 163 \u2013 265 93 65<\/p>\n<p>info@computerservice-krefeld.de<\/p>\n<p>www.krefeld-fotografie.de<\/p>\n<p>www.computerservice-krefeld.de<\/p>\n<p>info@copy-wolf.de<br \/>\nwww.copy-wolf.de<\/p>\n<p>&nbsp;<\/p>\n<p>Umsatzsteuer-Identifikationsnummer gem\u00e4\u00df \u00a7 27 a Umsatzsteuergesetz: DE258191978<\/p>\n<p><strong>Inhaltlich Verantwortlicher gem\u00e4\u00df TMG:<\/strong><\/p>\n<p>&nbsp;<\/p>\n<p>COPY WOLF Inh. Jolanta Kossmann<br \/>\nCOMPUTERSERVICE Krefeld<\/p>\n<p>Oberstr. 34<br \/>\n47829 Krefeld<\/p>\n<p>Telefon +49 (0) 21 51 \u2013 48 37 37<br \/>\nFax +49 (0) 21 51 \u2013 48 37 38<br \/>\nMobil: +49 (0) 163 \u2013 265 93 65<\/p>\n<p>info@computerservice-krefeld.de<\/p>\n<p>www.krefeld-fotografie.de<\/p>\n<p>www.computerservice-krefeld.de<\/p>\n<p>info@copy-wolf.de<br \/>\nwww.copy-wolf.de<\/p>\n<p><strong>Programmierung Design &amp; Grafische Umsetzung der Website:<\/strong><\/p>\n<p>Master Certified Internet Webmaster (CIW) Administrator &amp; Designer<\/p>\n<p>COPY WOLF Inh. Jolanta Kossmann<br \/>\nCOMPUTERSERVICE Krefeld<\/p>\n<p>Oberstr. 34<br \/>\n47829 Krefeld<\/p>\n<p>Telefon +49 (0) 21 51 \u2013 48 37 37<br \/>\nFax +49 (0) 21 51 \u2013 48 37 38<br \/>\nMobil: +49 (0) 163 \u2013 265 93 65<\/p>\n<p>info@computerservice-krefeld.de<\/p>\n<p>www.krefeld-fotografie.de<\/p>\n<p>www.computerservice-krefeld.de<\/p>\n<p>info@copy-wolf.de<br \/>\nwww.copy-wolf.de<\/p>\n<p><strong>Copyright Hinweise:<\/strong><\/p>\n<p>Wenn Sie Inhalte dieser Site \u00fcbernehmen m\u00f6chten, setzten Sie sich bitte vorher mit uns in Verbindung. Die abgebildeten Fotos d\u00fcrfen nur nach R\u00fccksprache mit uns oder der Fotografin Jolanta Kossmann weiterverwendet werden. Die \u00dcbernahme von Inhalten dieser Site bedarf in jedem Fall der schriftlichen Genehmigung.<\/p>\n<p><strong>Haftungsausschluss f\u00fcr Links<\/strong><\/p>\n<p>Wir haften nicht f\u00fcr den Inhalt von verlinkten Internet-Adressen. Die Links f\u00fchren zu Webservern au\u00dferhalb unserer Site und unterliegen nicht unserer Kontrolle. Aus diesem Grund liegt die Verantwortung f\u00fcr Inhalt und Funktion dieser Seiten bei deren Betreibern.<\/p>\n<p>Dieser Haftungsausschluss gilt f\u00fcr alle auf unserer Homepage angebrachten Links oder Banner sowie f\u00fcr alle Inhalte der Seiten, zu denen Links oder Banner f\u00fchren. Alle genannten Firmen-, Produkt- und Markenbezeichnungen sind Eigentum der jeweiligen Inhaber.<\/p>\n<p><strong>Grafiken &amp; Fotos<\/strong><\/p>\n<p>Der Bildmaterials auf dieser Homepage sind geistiges und bildliches Eigentum von Fotografin Jolanta Kossmann.<\/p>\n<p style=\"padding-left: 20px;\">\n","protected":false},"excerpt":{"rendered":"<p>Anbieterinformationen \/ Betreiber i.S.d. TDG \/ MDStV Rechtliche Angaben: COPY WOLF Inh. Jolanta Kossmann COMPUTERSERVICE Krefeld Oberstr. 34 47829 Krefeld Telefon +49 (0) 21 51 \u2013 48 37 37 Fax +49 (0) 21 51 \u2013 48 37 38 Mobil: +49 (0) 163 \u2013 265 93 65 info@computerservice-krefeld.de www.krefeld-fotografie.de www.computerservice-krefeld.de info@copy-wolf.de www.copy-wolf.de &nbsp; Umsatzsteuer-Identifikationsnummer gem\u00e4\u00df \u00a7 [&hellip;]<\/p>\n","protected":false},"author":1,"featured_media":0,"parent":0,"menu_order":9,"comment_status":"closed","ping_status":"open","template":"","meta":[],"_links":{"self":[{"href":"https:\/\/www.krefeld-fotografie.de\/index.php?rest_route=\/wp\/v2\/pages\/571"}],"collection":[{"href":"https:\/\/www.krefeld-fotografie.de\/index.php?rest_route=\/wp\/v2\/pages"}],"about":[{"href":"https:\/\/www.krefeld-fotografie.de\/index.php?rest_route=\/wp\/v2\/types\/page"}],"author":[{"embeddable":true,"href":"https:\/\/www.krefeld-fotografie.de\/index.php?rest_route=\/wp\/v2\/users\/1"}],"replies":[{"embeddable":true,"href":"https:\/\/www.krefeld-fotografie.de\/index.php?rest_route=%2Fwp%2Fv2%2Fcomments&post=571"}],"version-history":[{"count":3,"href":"https:\/\/www.krefeld-fotografie.de\/index.php?rest_route=\/wp\/v2\/pages\/571\/revisions"}],"predecessor-version":[{"id":4701,"href":"https:\/\/www.krefeld-fotografie.de\/index.php?rest_route=\/wp\/v2\/pages\/571\/revisions\/4701"}],"wp:attachment":[{"href":"https:\/\/www.krefeld-fotografie.de\/index.php?rest_route=%2Fwp%2Fv2%2Fmedia&parent=571"}],"curies":[{"name":"wp","href":"https:\/\/api.w.org\/{rel}","templated":true}]}}